{"id":1140,"date":"2024-06-17T14:26:46","date_gmt":"2024-06-17T14:26:46","guid":{"rendered":"https:\/\/corps-hassia.info\/?page_id=1140"},"modified":"2025-08-02T15:27:47","modified_gmt":"2025-08-02T15:27:47","slug":"gemeinschaft","status":"publish","type":"page","link":"https:\/\/corps-hassia.info\/index.php\/gemeinschaft\/","title":{"rendered":"Unsere Gemeinschaft"},"content":{"rendered":"<p>[et_pb_section fb_built=&#8221;1&#8243; admin_label=&#8221;Our Story&#8221; _builder_version=&#8221;4.16&#8243; background_color=&#8221;#ffffff&#8221; background_position=&#8221;top_left&#8221; min_height=&#8221;996.5px&#8221; custom_padding=&#8221;32px|0px|46px|0px||&#8221; collapsed=&#8221;off&#8221; global_colors_info=&#8221;{}&#8221;][et_pb_row column_structure=&#8221;1_3,2_3&#8243; _builder_version=&#8221;4.16&#8243; background_size=&#8221;initial&#8221; background_position=&#8221;top_left&#8221; background_repeat=&#8221;repeat&#8221; custom_margin=&#8221;|||&#8221; custom_padding=&#8221;||0px|||&#8221; global_colors_info=&#8221;{}&#8221;][et_pb_column type=&#8221;1_3&#8243; _builder_version=&#8221;4.16&#8243; background_position=&#8221;top_left&#8221; custom_padding=&#8221;|||&#8221; global_colors_info=&#8221;{}&#8221; custom_padding__hover=&#8221;|||&#8221;][et_pb_image src=&#8221;https:\/\/corps-hassia.info\/wp-content\/uploads\/2024\/06\/IMG_11041-scaled.jpeg&#8221; title_text=&#8221;IMG_1104(1)&#8221; _builder_version=&#8221;4.25.2&#8243; animation_style=&#8221;slide&#8221; animation_direction=&#8221;right&#8221; animation_intensity_slide=&#8221;10%&#8221; always_center_on_mobile=&#8221;off&#8221; global_colors_info=&#8221;{}&#8221;][\/et_pb_image][et_pb_image src=&#8221;https:\/\/corps-hassia.info\/wp-content\/uploads\/2024\/06\/DSC03036-scaled.jpg&#8221; title_text=&#8221;DSC03036&#8243; _builder_version=&#8221;4.25.2&#8243; animation_style=&#8221;slide&#8221; animation_direction=&#8221;right&#8221; animation_intensity_slide=&#8221;10%&#8221; always_center_on_mobile=&#8221;off&#8221; global_colors_info=&#8221;{}&#8221;][\/et_pb_image][et_pb_image src=&#8221;https:\/\/corps-hassia.info\/wp-content\/uploads\/2025\/08\/4256-1064-scaled.jpg&#8221; title_text=&#8221;4256-1064&#8243; _builder_version=&#8221;4.27.4&#8243; animation_style=&#8221;slide&#8221; animation_direction=&#8221;right&#8221; animation_intensity_slide=&#8221;10%&#8221; hover_enabled=&#8221;0&#8243; always_center_on_mobile=&#8221;off&#8221; global_colors_info=&#8221;{}&#8221; sticky_enabled=&#8221;0&#8243;][\/et_pb_image][\/et_pb_column][et_pb_column type=&#8221;2_3&#8243; _builder_version=&#8221;4.16&#8243; background_position=&#8221;top_left&#8221; custom_padding=&#8221;60px|||&#8221; global_colors_info=&#8221;{}&#8221; custom_padding__hover=&#8221;|||&#8221;][et_pb_text disabled_on=&#8221;off|off|off&#8221; _builder_version=&#8221;4.25.2&#8243; text_font=&#8221;||||||||&#8221; header_font=&#8221;||||||||&#8221; header_2_font=&#8221;Playfair Display||||&#8221; header_2_font_size=&#8221;48px&#8221; header_2_line_height=&#8221;1.3em&#8221; background_size=&#8221;initial&#8221; background_position=&#8221;top_left&#8221; background_repeat=&#8221;repeat&#8221; min_height=&#8221;78.4px&#8221; custom_margin=&#8221;-64px|||||&#8221; custom_padding=&#8221;0px|||||&#8221; text_font_size_tablet=&#8221;&#8221; text_font_size_phone=&#8221;&#8221; text_font_size_last_edited=&#8221;on|phone&#8221; global_colors_info=&#8221;{}&#8221; header_font_size__hover=&#8221;30px&#8221; header_font_size__hover_enabled=&#8221;30px&#8221; header_letter_spacing__hover=&#8221;0px&#8221; header_letter_spacing__hover_enabled=&#8221;0px&#8221; header_text_shadow_style__hover=&#8221;none&#8221; header_text_shadow_style__hover_enabled=&#8221;none&#8221; header_text_shadow_color__hover=&#8221;rgba(0,0,0,0.4)&#8221; header_text_shadow_color__hover_enabled=&#8221;rgba(0,0,0,0.4)&#8221;]<\/p>\n<h2>Unsere Gemeinschaft<\/h2>\n<p>[\/et_pb_text][et_pb_text _builder_version=&#8221;4.16&#8243; text_font=&#8221;Montserrat||||&#8221; text_text_color=&#8221;#939393&#8243; text_font_size=&#8221;17px&#8221; text_line_height=&#8221;1.8em&#8221; header_font=&#8221;||||&#8221; background_size=&#8221;initial&#8221; background_position=&#8221;top_left&#8221; background_repeat=&#8221;repeat&#8221; max_width=&#8221;700px&#8221; custom_margin=&#8221;-38px|||||&#8221; animation_style=&#8221;slide&#8221; animation_direction=&#8221;top&#8221; animation_intensity_slide=&#8221;4%&#8221; global_colors_info=&#8221;{}&#8221;]<\/p>\n<p>Das Corps lebt von den engen Bindungen, die w\u00e4hrend des Studiums gekn\u00fcpft werden. Anders als in einer WG lernst Du bei uns nicht nur Mitbewohner kennen, sondern echte Wegbegleiter. Es geht nicht nur darum, den n\u00e4chsten akademischen Abschluss zu schaffen, sondern darum, in dieser Zeit auch echte Freundschaften zu kn\u00fcpfen, unabh\u00e4ngig von Religion, ethnischer Herkunft, politischer Einstellung oder wirtschaftlichem Hintergrund \u2013 und sie zu einer der wertvollsten Erfahrungen deines Lebens zu machen.<\/p>\n<p>Im Corps bringen wir Studenten aller Fakult\u00e4ten zusammen und f\u00f6rdern einen Austausch, der weit \u00fcber das Studiumspezifische hinausgeht. Hier kannst du neue Perspektiven gewinnen und dich pers\u00f6nlich weiterentwickeln. Unsere Gemeinschaft basiert auf Aufrichtigkeit, Vertrauen, Zuverl\u00e4ssigkeit und Toleranz. Diese Werte bilden das Fundament, um dich sowohl akademisch als auch pers\u00f6nlich zu unterst\u00fctzen und auf deinem Weg zu begleiten. Im hektischen Uni-Alltag bieten wir dir einen Ort, an dem du dich entfalten und weiterentwickeln kannst.<\/p>\n<p>Wir erwarten von unseren Mitgliedern, dass sie sich f\u00fcr ihre akademischen Ziele einsetzen und diese vorantreiben. Dabei unterst\u00fctzen wir dich gerne mit unserem Netzwerk. Unser Ziel ist es, gut ausgebildete Akademiker mit einem ethisch ausgerichtetem Mindset und der F\u00e4higkeit Haltung zu zeigen zu entwickeln und so der Gesellschaft etwas zur\u00fcckgeben. Das ist seit \u00fcber 200 Jahren der gesellschaftliche Beitrag der Corps und der Corpsstudenten.<\/p>\n<p>[\/et_pb_text][\/et_pb_column][\/et_pb_row][\/et_pb_section]<\/p>\n","protected":false},"excerpt":{"rendered":"<p>Unsere GemeinschaftDas Corps lebt von den engen Bindungen, die w\u00e4hrend des Studiums gekn\u00fcpft werden. Anders als in einer WG lernst Du bei uns nicht nur Mitbewohner kennen, sondern echte Wegbegleiter. Es geht nicht nur darum, den n\u00e4chsten akademischen Abschluss zu schaffen, sondern darum, in dieser Zeit auch echte Freundschaften zu kn\u00fcpfen, unabh\u00e4ngig von Religion, ethnischer [&hellip;]<\/p>\n","protected":false},"author":2,"featured_media":0,"parent":0,"menu_order":0,"comment_status":"closed","ping_status":"closed","template":"","meta":{"_et_pb_use_builder":"on","_et_pb_old_content":"","_et_gb_content_width":"","footnotes":""},"class_list":["post-1140","page","type-page","status-publish","hentry"],"_links":{"self":[{"href":"https:\/\/corps-hassia.info\/index.php\/wp-json\/wp\/v2\/pages\/1140","targetHints":{"allow":["GET"]}}],"collection":[{"href":"https:\/\/corps-hassia.info\/index.php\/wp-json\/wp\/v2\/pages"}],"about":[{"href":"https:\/\/corps-hassia.info\/index.php\/wp-json\/wp\/v2\/types\/page"}],"author":[{"embeddable":true,"href":"https:\/\/corps-hassia.info\/index.php\/wp-json\/wp\/v2\/users\/2"}],"replies":[{"embeddable":true,"href":"https:\/\/corps-hassia.info\/index.php\/wp-json\/wp\/v2\/comments?post=1140"}],"version-history":[{"count":11,"href":"https:\/\/corps-hassia.info\/index.php\/wp-json\/wp\/v2\/pages\/1140\/revisions"}],"predecessor-version":[{"id":1398,"href":"https:\/\/corps-hassia.info\/index.php\/wp-json\/wp\/v2\/pages\/1140\/revisions\/1398"}],"wp:attachment":[{"href":"https:\/\/corps-hassia.info\/index.php\/wp-json\/wp\/v2\/media?parent=1140"}],"curies":[{"name":"wp","href":"https:\/\/api.w.org\/{rel}","templated":true}]}}