{"id":1031,"date":"2024-06-17T13:55:32","date_gmt":"2024-06-17T13:55:32","guid":{"rendered":"https:\/\/corps-hassia.info\/?page_id=1031"},"modified":"2025-06-25T19:08:52","modified_gmt":"2025-06-25T19:08:52","slug":"die-corps-2","status":"publish","type":"page","link":"https:\/\/corps-hassia.info\/index.php\/die-corps-2\/","title":{"rendered":"Die Corps"},"content":{"rendered":"<p>[et_pb_section fb_built=&#8221;1&#8243; admin_label=&#8221;Our Story&#8221; _builder_version=&#8221;4.16&#8243; background_color=&#8221;#ffffff&#8221; background_position=&#8221;top_left&#8221; custom_padding=&#8221;43px|0px|7px|0px||&#8221; collapsed=&#8221;off&#8221; global_colors_info=&#8221;{}&#8221;][et_pb_row _builder_version=&#8221;4.26.0&#8243; _module_preset=&#8221;default&#8221; global_colors_info=&#8221;{}&#8221;][et_pb_column type=&#8221;4_4&#8243; _builder_version=&#8221;4.26.0&#8243; _module_preset=&#8221;default&#8221; global_colors_info=&#8221;{}&#8221;][et_pb_text content_tablet=&#8221;<\/p>\n<p>Die Corps<\/p>\n<p>&#8221; content_phone=&#8221;<\/p>\n<p>Die Corps<\/p>\n<p>&#8221; content_last_edited=&#8221;on|phone&#8221; disabled_on=&#8221;off|off|off&#8221; _builder_version=&#8221;4.26.0&#8243; text_font=&#8221;Playfair Display||||||||&#8221; text_text_color=&#8221;rgba(0,0,0,0.75)&#8221; text_font_size=&#8221;47px&#8221; header_font=&#8221;||||||||&#8221; header_2_font=&#8221;Playfair Display||||&#8221; header_2_font_size=&#8221;48px&#8221; header_2_line_height=&#8221;1.3em&#8221; header_3_font=&#8221;||||||||&#8221; background_size=&#8221;initial&#8221; background_position=&#8221;top_left&#8221; background_repeat=&#8221;repeat&#8221; text_orientation=&#8221;center&#8221; custom_margin=&#8221;||32px|||&#8221; custom_margin_tablet=&#8221;&#8221; custom_margin_phone=&#8221;0px||2px||false|false&#8221; custom_margin_last_edited=&#8221;on|phone&#8221; global_colors_info=&#8221;{}&#8221; header_font_size__hover=&#8221;30px&#8221; header_font_size__hover_enabled=&#8221;30px&#8221; header_letter_spacing__hover=&#8221;0px&#8221; header_letter_spacing__hover_enabled=&#8221;0px&#8221; header_text_shadow_style__hover=&#8221;none&#8221; header_text_shadow_style__hover_enabled=&#8221;none&#8221; header_text_shadow_color__hover=&#8221;rgba(0,0,0,0.4)&#8221; header_text_shadow_color__hover_enabled=&#8221;rgba(0,0,0,0.4)&#8221;]<\/p>\n<p>Die Corps<\/p>\n<p>[\/et_pb_text][et_pb_text content_tablet=&#8221;<\/p>\n<p style=%22text-align: center;%22><span style=%22font-size: 17px;%22>Die Corps sind die \u00e4ltesten studentischen Gemeinschaften in Deutschland und \u00d6sterreich. Schon lange bevor Deutschland als Nation existierte, haben sich Studenten in deutschsprachigen Universit\u00e4tsst\u00e4dten zu diesen Vereinigungen zusammengeschlossen. Die Corps tragen meist Namen von Regionen und L\u00e4ndern, aus denen ihre Mitglieder stammen, wie Hessen, Bayern, Schwaben, Pf\u00e4lzer, Rheinl\u00e4nder und Westfalen.<br \/>Anders als Burschenschaften und andere Verbindungen entschieden sich die Corps bereits im fr\u00fchen 19. Jahrhundert, keine politischen Ziele zu verfolgen. Sie betrachteten sich als selbstverwaltete Standesvertretungen und standen in Konkurrenz zu anderen Corps an ihren Universit\u00e4ten. Gemeinsam war ihnen der Widerstand gegen akademische oder staatliche Willk\u00fcr gegen\u00fcber der Studentenschaft.<\/span><\/p>\n<p>&#8221; content_phone=&#8221;<\/p>\n<p style=%22text-align: center;%22><span style=%22font-size: 17px;%22><\/span><\/p>\n<p style=%22text-align: center;%22><span style=%22font-size: 17px;%22><\/span><\/p>\n<p style=%22text-align: center;%22><span style=%22font-size: 17px;%22>Die Corps sind die \u00e4ltesten studentischen Gemeinschaften in Deutschland und \u00d6sterreich. Schon lange bevor Deutschland als Nation existierte, haben sich Studenten in deutschsprachigen Universit\u00e4tsst\u00e4dten zu diesen Vereinigungen zusammengeschlossen. Die Corps tragen meist Namen von Regionen und L\u00e4ndern, aus denen ihre Mitglieder stammen, wie Hessen, Bayern, Schwaben, Pf\u00e4lzer, Rheinl\u00e4nder und Westfalen.<br \/>Anders als Burschenschaften und andere Verbindungen entschieden sich die Corps bereits im fr\u00fchen 19. Jahrhundert, keine politischen Ziele zu verfolgen. Sie betrachteten sich als selbstverwaltete Standesvertretungen und standen in Konkurrenz zu anderen Corps an ihren Universit\u00e4ten. Gemeinsam war ihnen der Widerstand gegen akademische oder staatliche Willk\u00fcr gegen\u00fcber der Studentenschaft.<\/span><\/p>\n<p>&#8221; content_last_edited=&#8221;on|phone&#8221; _builder_version=&#8221;4.26.0&#8243; text_font=&#8221;Montserrat||||&#8221; text_text_color=&#8221;#636363&#8243; text_font_size=&#8221;17px&#8221; text_line_height=&#8221;1.8em&#8221; header_font=&#8221;||||&#8221; background_size=&#8221;initial&#8221; background_position=&#8221;top_left&#8221; background_repeat=&#8221;repeat&#8221; text_orientation=&#8221;center&#8221; max_width=&#8221;861px&#8221; module_alignment=&#8221;center&#8221; custom_margin=&#8221;||-20px|||&#8221; custom_padding=&#8221;|0px|0px|||&#8221; animation_direction=&#8221;top&#8221; text_font_size_tablet=&#8221;&#8221; text_font_size_phone=&#8221;14px&#8221; text_font_size_last_edited=&#8221;on|desktop&#8221; text_letter_spacing_tablet=&#8221;&#8221; text_letter_spacing_phone=&#8221;&#8221; text_letter_spacing_last_edited=&#8221;on|phone&#8221; text_line_height_tablet=&#8221;&#8221; text_line_height_phone=&#8221;1.6em&#8221; text_line_height_last_edited=&#8221;on|desktop&#8221; global_colors_info=&#8221;{}&#8221;]<\/p>\n<p style=\"text-align: center;\"><span style=\"font-size: 17px;\">Die Corps sind die \u00e4ltesten studentischen Gemeinschaften in Deutschland und \u00d6sterreich. Schon lange bevor Deutschland als Nation existierte, haben sich Studenten in deutschsprachigen Universit\u00e4tsst\u00e4dten zu diesen Vereinigungen zusammengeschlossen. Die Corps tragen meist Namen von Regionen und L\u00e4ndern, aus denen ihre Mitglieder stammen, wie Hessen, Bayern, Schwaben, Pf\u00e4lzer, Rheinl\u00e4nder und Westfalen.<br \/>Anders als Burschenschaften und andere Verbindungen entschieden sich die Corps bereits im fr\u00fchen 19. Jahrhundert, keine politischen Ziele zu verfolgen. Sie betrachteten sich als selbstverwaltete Standesvertretungen und standen in Konkurrenz zu anderen Corps an ihren Universit\u00e4ten. Gemeinsam war ihnen der Widerstand gegen akademische oder staatliche Willk\u00fcr gegen\u00fcber der Studentenschaft.<\/span><\/p>\n<p style=\"text-align: center;\"><span style=\"font-size: 17px;\"><\/span><\/p>\n<p>[\/et_pb_text][\/et_pb_column][\/et_pb_row][et_pb_row _builder_version=&#8221;4.27.4&#8243; _module_preset=&#8221;default&#8221; column_structure=&#8221;1_2,1_2&#8243; custom_margin=&#8221;|auto|23px|auto||&#8221;][et_pb_column _builder_version=&#8221;4.27.4&#8243; _module_preset=&#8221;default&#8221; type=&#8221;1_2&#8243;][et_pb_image src=&#8221;https:\/\/corps-hassia.info\/wp-content\/uploads\/2024\/07\/Rudelsburg_heute.jpeg&#8221; title_text=&#8221;Rudelsburg_heute&#8221; _builder_version=&#8221;4.27.4&#8243; animation_style=&#8221;slide&#8221; animation_direction=&#8221;right&#8221; animation_intensity_slide=&#8221;10%&#8221; hover_enabled=&#8221;0&#8243; always_center_on_mobile=&#8221;off&#8221; global_colors_info=&#8221;{}&#8221; theme_builder_area=&#8221;post_content&#8221; sticky_enabled=&#8221;0&#8243;][\/et_pb_image][\/et_pb_column][et_pb_column _builder_version=&#8221;4.27.4&#8243; _module_preset=&#8221;default&#8221; type=&#8221;1_2&#8243;][et_pb_image src=&#8221;https:\/\/corps-hassia.info\/wp-content\/uploads\/2024\/07\/Rudelsburg_fruher.jpg&#8221; title_text=&#8221;Rudelsburg_fr\u00fcher&#8221; _builder_version=&#8221;4.27.4&#8243; animation_style=&#8221;slide&#8221; animation_direction=&#8221;right&#8221; animation_intensity_slide=&#8221;10%&#8221; hover_enabled=&#8221;0&#8243; always_center_on_mobile=&#8221;off&#8221; global_colors_info=&#8221;{}&#8221; theme_builder_area=&#8221;post_content&#8221; sticky_enabled=&#8221;0&#8243;][\/et_pb_image][\/et_pb_column][\/et_pb_row][et_pb_row _builder_version=&#8221;4.26.0&#8243; _module_preset=&#8221;default&#8221; custom_margin=&#8221;3px|auto||auto||&#8221; custom_padding=&#8221;15px|||||&#8221; global_colors_info=&#8221;{}&#8221;][et_pb_column type=&#8221;4_4&#8243; _builder_version=&#8221;4.26.0&#8243; _module_preset=&#8221;default&#8221; global_colors_info=&#8221;{}&#8221;][et_pb_text _builder_version=&#8221;4.16&#8243; text_font=&#8221;Montserrat||||&#8221; text_text_color=&#8221;#636363&#8243; text_font_size=&#8221;17px&#8221; text_line_height=&#8221;1.8em&#8221; header_font=&#8221;||||&#8221; background_size=&#8221;initial&#8221; background_position=&#8221;top_left&#8221; background_repeat=&#8221;repeat&#8221; text_orientation=&#8221;center&#8221; max_width=&#8221;877px&#8221; module_alignment=&#8221;center&#8221; custom_margin=&#8221;-10px||0px|||&#8221; custom_padding=&#8221;|2px||||&#8221; animation_direction=&#8221;top&#8221; text_font_size_tablet=&#8221;&#8221; text_font_size_phone=&#8221;14px&#8221; text_font_size_last_edited=&#8221;on|desktop&#8221; text_letter_spacing_tablet=&#8221;&#8221; text_letter_spacing_phone=&#8221;&#8221; text_letter_spacing_last_edited=&#8221;on|phone&#8221; text_line_height_tablet=&#8221;&#8221; text_line_height_phone=&#8221;1.6em&#8221; text_line_height_last_edited=&#8221;on|desktop&#8221; global_colors_info=&#8221;{}&#8221;]<\/p>\n<p><span style=\"font-size: 17px;\">Die Corps haben keine hierarchische Organisation; jedes Corps handelt und entscheidet eigenst\u00e4ndig. Interessanterweise entwickelte daraus jedes einzelne Corps \u00fcber Jahrzehnte oder sogar Jahrhunderte hinweg ein einzigartiges Selbstverst\u00e4ndnis. <br \/>Corps sind vor allem mit ihrer Universit\u00e4tsstadt verbunden, \u00e4hnlich wie es in angels\u00e4chsischen L\u00e4ndern \u00fcblich ist. Nur eingeschriebene Studenten k\u00f6nnen Mitglieder werden. Du findest Corps in fast jeder Stadt mit einer Universit\u00e4t oder Technischen Hochschule, oft sogar mehrere \u2013 insgesamt gibt es \u00fcber hundertf\u00fcnfzig.<br \/>Entscheide selbst, welches Corps das Richtige f\u00fcr dich ist!<\/span><\/p>\n<p>[\/et_pb_text][\/et_pb_column][\/et_pb_row][et_pb_row column_structure=&#8221;1_2,1_2&#8243; _builder_version=&#8221;4.26.0&#8243; _module_preset=&#8221;default&#8221; min_height=&#8221;736.8px&#8221; custom_margin=&#8221;-15px|auto||auto||&#8221; global_colors_info=&#8221;{}&#8221;][et_pb_column type=&#8221;1_2&#8243; _builder_version=&#8221;4.26.0&#8243; _module_preset=&#8221;default&#8221; global_colors_info=&#8221;{}&#8221;][et_pb_image src=&#8221;https:\/\/corps-hassia.info\/wp-content\/uploads\/2024\/07\/Cover-Corps.jpg&#8221; title_text=&#8221;Cover Corps&#8221; url=&#8221;https:\/\/die-corps.de\/intern\/magazin&#8221; url_new_window=&#8221;on&#8221; _builder_version=&#8221;4.26.0&#8243; custom_margin=&#8221;-19px|||||&#8221; custom_padding=&#8221;0px|||||&#8221; animation_style=&#8221;slide&#8221; animation_direction=&#8221;right&#8221; animation_intensity_slide=&#8221;10%&#8221; always_center_on_mobile=&#8221;off&#8221; global_colors_info=&#8221;{}&#8221;][\/et_pb_image][\/et_pb_column][et_pb_column type=&#8221;1_2&#8243; _builder_version=&#8221;4.26.0&#8243; _module_preset=&#8221;default&#8221; global_colors_info=&#8221;{}&#8221;][et_pb_image src=&#8221;https:\/\/corps-hassia.info\/wp-content\/uploads\/2024\/07\/asserate.jpg&#8221; title_text=&#8221;asserate&#8221; url=&#8221;https:\/\/die-corps.de\/intern\/magazin&#8221; url_new_window=&#8221;on&#8221; _builder_version=&#8221;4.26.0&#8243; custom_margin=&#8221;-21px|||||&#8221; custom_padding=&#8221;0px|||||&#8221; animation_style=&#8221;slide&#8221; animation_direction=&#8221;right&#8221; animation_intensity_slide=&#8221;10%&#8221; always_center_on_mobile=&#8221;off&#8221; global_colors_info=&#8221;{}&#8221;][\/et_pb_image][\/et_pb_column][\/et_pb_row][\/et_pb_section]<\/p>\n","protected":false},"excerpt":{"rendered":"<p>Die CorpsDie Corps sind die \u00e4ltesten studentischen Gemeinschaften in Deutschland und \u00d6sterreich. Schon lange bevor Deutschland als Nation existierte, haben sich Studenten in deutschsprachigen Universit\u00e4tsst\u00e4dten zu diesen Vereinigungen zusammengeschlossen. Die Corps tragen meist Namen von Regionen und L\u00e4ndern, aus denen ihre Mitglieder stammen, wie Hessen, Bayern, Schwaben, Pf\u00e4lzer, Rheinl\u00e4nder und Westfalen.Anders als Burschenschaften und andere [&hellip;]<\/p>\n","protected":false},"author":2,"featured_media":0,"parent":0,"menu_order":0,"comment_status":"closed","ping_status":"closed","template":"","meta":{"_et_pb_use_builder":"on","_et_pb_old_content":"","_et_gb_content_width":"","footnotes":""},"class_list":["post-1031","page","type-page","status-publish","hentry"],"_links":{"self":[{"href":"https:\/\/corps-hassia.info\/index.php\/wp-json\/wp\/v2\/pages\/1031","targetHints":{"allow":["GET"]}}],"collection":[{"href":"https:\/\/corps-hassia.info\/index.php\/wp-json\/wp\/v2\/pages"}],"about":[{"href":"https:\/\/corps-hassia.info\/index.php\/wp-json\/wp\/v2\/types\/page"}],"author":[{"embeddable":true,"href":"https:\/\/corps-hassia.info\/index.php\/wp-json\/wp\/v2\/users\/2"}],"replies":[{"embeddable":true,"href":"https:\/\/corps-hassia.info\/index.php\/wp-json\/wp\/v2\/comments?post=1031"}],"version-history":[{"count":20,"href":"https:\/\/corps-hassia.info\/index.php\/wp-json\/wp\/v2\/pages\/1031\/revisions"}],"predecessor-version":[{"id":1389,"href":"https:\/\/corps-hassia.info\/index.php\/wp-json\/wp\/v2\/pages\/1031\/revisions\/1389"}],"wp:attachment":[{"href":"https:\/\/corps-hassia.info\/index.php\/wp-json\/wp\/v2\/media?parent=1031"}],"curies":[{"name":"wp","href":"https:\/\/api.w.org\/{rel}","templated":true}]}}